{"id":1428,"date":"2025-04-19T08:22:22","date_gmt":"2025-04-19T08:22:22","guid":{"rendered":"https:\/\/nasrallahhomehardware.com\/?post_type=product&#038;p=1428"},"modified":"2025-07-25T06:55:49","modified_gmt":"2025-07-25T06:55:49","slug":"brushless-pruner","status":"publish","type":"product","link":"https:\/\/nasrallahhomehardware.com\/?product=brushless-pruner","title":{"rendered":"20V, 2 x 2.0Ah Li-Ion Battery +  Charger, Brushless Pruner"},"content":{"rendered":"<p>Battery Chemistry Li-ion<br \/>\nVoltage 20 V MAX<br \/>\nBattery Capacity 2.0 Ah<br \/>\nShearing Capacity Hard (HB) &amp; Soft (SB) Branches<br \/>\n1st Gear: \u00d820mm<br \/>\n2nd Gear: \u00d825mm<br \/>\n3rd Gear: HB: \u00d825mm, SB: \u00d830mm<br \/>\n4th Gear: HB: \u00d825mm, SB: \u00d835mm<\/p>\n","protected":false},"excerpt":{"rendered":"<p>Battery Chemistry Li-ion Voltage 20 V MAX Battery Capacity 2.0 Ah Shearing Capacity Hard (HB) &amp; Soft (SB) Branches 1st Gear: \u00d820mm 2nd Gear: \u00d825mm 3rd Gear: HB: \u00d825mm, SB: \u00d830mm 4th Gear: HB: \u00d825mm, SB: \u00d835mm<\/p>\n","protected":false},"featured_media":1429,"comment_status":"open","ping_status":"closed","template":"","meta":{"_acf_changed":false},"product_brand":[53],"product_cat":[68],"product_tag":[],"class_list":{"0":"post-1428","1":"product","2":"type-product","3":"status-publish","4":"has-post-thumbnail","6":"product_brand-dong-cheng","7":"product_cat-garden-tools","9":"first","10":"instock","11":"shipping-taxable","12":"purchasable","13":"product-type-simple"},"acf":[],"_links":{"self":[{"href":"https:\/\/nasrallahhomehardware.com\/index.php?rest_route=\/wp\/v2\/product\/1428","targetHints":{"allow":["GET"]}}],"collection":[{"href":"https:\/\/nasrallahhomehardware.com\/index.php?rest_route=\/wp\/v2\/product"}],"about":[{"href":"https:\/\/nasrallahhomehardware.com\/index.php?rest_route=\/wp\/v2\/types\/product"}],"replies":[{"embeddable":true,"href":"https:\/\/nasrallahhomehardware.com\/index.php?rest_route=%2Fwp%2Fv2%2Fcomments&post=1428"}],"wp:featuredmedia":[{"embeddable":true,"href":"https:\/\/nasrallahhomehardware.com\/index.php?rest_route=\/wp\/v2\/media\/1429"}],"wp:attachment":[{"href":"https:\/\/nasrallahhomehardware.com\/index.php?rest_route=%2Fwp%2Fv2%2Fmedia&parent=1428"}],"wp:term":[{"taxonomy":"product_brand","embeddable":true,"href":"https:\/\/nasrallahhomehardware.com\/index.php?rest_route=%2Fwp%2Fv2%2Fproduct_brand&post=1428"},{"taxonomy":"product_cat","embeddable":true,"href":"https:\/\/nasrallahhomehardware.com\/index.php?rest_route=%2Fwp%2Fv2%2Fproduct_cat&post=1428"},{"taxonomy":"product_tag","embeddable":true,"href":"https:\/\/nasrallahhomehardware.com\/index.php?rest_route=%2Fwp%2Fv2%2Fproduct_tag&post=1428"}],"curies":[{"name":"wp","href":"https:\/\/api.w.org\/{rel}","templated":true}]}}