{"id":1661,"date":"2025-04-29T19:25:28","date_gmt":"2025-04-29T19:25:28","guid":{"rendered":"https:\/\/nasrallahhomehardware.com\/?post_type=product&#038;p=1661"},"modified":"2025-04-29T19:28:35","modified_gmt":"2025-04-29T19:28:35","slug":"2300w-355mm-abrasive-chop-saw","status":"publish","type":"product","link":"https:\/\/nasrallahhomehardware.com\/?product=2300w-355mm-abrasive-chop-saw","title":{"rendered":"2300W \u2013 355mm  Abrasive Chop Saw"},"content":{"rendered":"<p>Power Input:2300W<br \/>\nNo-Load Speed:3800rpm<br \/>\nWheel Diameter:355mm<br \/>\nMax. Cutting Capacity at 90\u00f8 [Square Profile]:120x120mm<br \/>\nMax. Cutting Capacity at 90\u00f8 [Rectangular Profile]:115x130mm<br \/>\nMax. Cutting Capacity at 90\u00f8 [L-Shape Profile]:137x137mm<br \/>\nMax. Cutting Capacity at 90\u00f8 [Rounded Profile]:130mm<br \/>\nMax. Cutting Capacity at 45\u00f8 [Square Profile]:107x107mm<br \/>\nMax. Cutting Capacity at 45\u00f8 [Rectangular Profile]:115x107mm<br \/>\nMax. Cutting Capacity at 45\u00f8 [L-Shape Profile]:115x115mm<br \/>\nMax. Cutting Capacity at 45\u00f8 [Rounded Profile]:115mm<\/p>\n","protected":false},"excerpt":{"rendered":"<p>Power Input:2300W No-Load Speed:3800rpm Wheel Diameter:355mm Max. Cutting Capacity at 90\u00f8 [Square Profile]:120x120mm Max. Cutting Capacity at 90\u00f8 [Rectangular Profile]:115x130mm Max. Cutting Capacity at 90\u00f8 [L-Shape Profile]:137x137mm Max. Cutting Capacity at 90\u00f8 [Rounded Profile]:130mm Max. Cutting Capacity at 45\u00f8 [Square Profile]:107x107mm Max. Cutting Capacity at 45\u00f8 [Rectangular Profile]:115x107mm Max. Cutting Capacity at 45\u00f8 [L-Shape Profile]:115x115mm [&hellip;]<\/p>\n","protected":false},"featured_media":1662,"comment_status":"open","ping_status":"closed","template":"","meta":{"_acf_changed":false},"product_brand":[54],"product_cat":[47],"product_tag":[],"class_list":{"0":"post-1661","1":"product","2":"type-product","3":"status-publish","4":"has-post-thumbnail","6":"product_brand-dewalt","7":"product_cat-power-tools-tools","9":"first","10":"instock","11":"shipping-taxable","12":"purchasable","13":"product-type-simple"},"acf":[],"_links":{"self":[{"href":"https:\/\/nasrallahhomehardware.com\/index.php?rest_route=\/wp\/v2\/product\/1661","targetHints":{"allow":["GET"]}}],"collection":[{"href":"https:\/\/nasrallahhomehardware.com\/index.php?rest_route=\/wp\/v2\/product"}],"about":[{"href":"https:\/\/nasrallahhomehardware.com\/index.php?rest_route=\/wp\/v2\/types\/product"}],"replies":[{"embeddable":true,"href":"https:\/\/nasrallahhomehardware.com\/index.php?rest_route=%2Fwp%2Fv2%2Fcomments&post=1661"}],"wp:featuredmedia":[{"embeddable":true,"href":"https:\/\/nasrallahhomehardware.com\/index.php?rest_route=\/wp\/v2\/media\/1662"}],"wp:attachment":[{"href":"https:\/\/nasrallahhomehardware.com\/index.php?rest_route=%2Fwp%2Fv2%2Fmedia&parent=1661"}],"wp:term":[{"taxonomy":"product_brand","embeddable":true,"href":"https:\/\/nasrallahhomehardware.com\/index.php?rest_route=%2Fwp%2Fv2%2Fproduct_brand&post=1661"},{"taxonomy":"product_cat","embeddable":true,"href":"https:\/\/nasrallahhomehardware.com\/index.php?rest_route=%2Fwp%2Fv2%2Fproduct_cat&post=1661"},{"taxonomy":"product_tag","embeddable":true,"href":"https:\/\/nasrallahhomehardware.com\/index.php?rest_route=%2Fwp%2Fv2%2Fproduct_tag&post=1661"}],"curies":[{"name":"wp","href":"https:\/\/api.w.org\/{rel}","templated":true}]}}